{"id":15862,"date":"2025-05-23T07:56:42","date_gmt":"2025-05-23T07:56:42","guid":{"rendered":"https:\/\/biohope.com.ar\/?page_id=15862"},"modified":"2025-10-02T08:52:21","modified_gmt":"2025-10-02T08:52:21","slug":"careers","status":"publish","type":"page","link":"https:\/\/biohope.com.ar\/es\/careers\/","title":{"rendered":"Carreras"},"content":{"rendered":"<div data-elementor-type=\"wp-page\" data-elementor-id=\"15862\" class=\"elementor elementor-15862\">\n\t\t\t\t\t\t\t        <section class=\"elementor-section elementor-top-section elementor-element elementor-element-aaad712 elementor-section-boxed elementor-section-height-default elementor-section-height-default\" data-id=\"aaad712\" data-element_type=\"section\">\n            \n                        <div class=\"elementor-container elementor-column-gap-default\">\n                    <div class=\"elementor-column elementor-col-100 elementor-top-column elementor-element elementor-element-08a1ebb\" data-id=\"08a1ebb\" data-element_type=\"column\">\n            <div class=\"elementor-widget-wrap elementor-element-populated\">\n                        \t\t<div class=\"elementor-element elementor-element-f73cdd8 elementor-widget elementor-widget-slider_revolution\" data-id=\"f73cdd8\" data-element_type=\"widget\" data-widget_type=\"slider_revolution.default\">\n\t\t\t\t<div class=\"elementor-widget-container\">\n\t\t\t\n\t\t<div class=\"wp-block-themepunch-revslider\">\n\t\t\t<!-- START Careers_NEW REVOLUTION SLIDER 6.5.7 --><p class=\"rs-p-wp-fix\"><\/p>\n\t\t\t<rs-module-wrap id=\"rev_slider_15_1_wrapper\" data-source=\"gallery\" style=\"visibility:hidden;background:transparent;padding:0;margin:0px auto;margin-top:0;margin-bottom:0;\">\n\t\t\t\t<rs-module id=\"rev_slider_15_1\" style=\"\" data-version=\"6.5.7\">\n\t\t\t\t\t<rs-slides>\n\t\t\t\t\t\t<rs-slide style=\"position: absolute;\" data-key=\"rs-28\" data-title=\"Slide\" data-in=\"o:0;\" data-out=\"a:false;\">\n\t\t\t\t\t\t\t<img decoding=\"async\" src=\"\/\/biohope.com.ar\/wp-content\/plugins\/revslider\/public\/assets\/assets\/dummy.png\" title=\"web\" width=\"2000\" height=\"938\" class=\"rev-slidebg tp-rs-img rs-lazyload\" data-lazyload=\"\/\/biohope.com.ar\/wp-content\/uploads\/2025\/05\/careers.jpg\" data-panzoom=\"d:10000;ss:100;se:110%;\" data-no-retina>\n<!--\n\t\t\t\t\t\t\t--><rs-layer\n\t\t\t\t\t\t\t\tid=\"slider-15-slide-28-layer-5\" \n\t\t\t\t\t\t\t\tdata-type=\"image\"\n\t\t\t\t\t\t\t\tdata-rsp_ch=\"on\"\n\t\t\t\t\t\t\t\tdata-xy=\"xo:50px,45px,-460px,-628px;yo:50px,45px,-8px,-5px;\"\n\t\t\t\t\t\t\t\tdata-text=\"w:normal;s:20,18,13,8;l:0,22,16,9;\"\n\t\t\t\t\t\t\t\tdata-dim=\"w:300px,273px,1490px,1371px;h:180px,163px,699px,643px;\"\n\t\t\t\t\t\t\t\tdata-vbility=\"f,f,t,t\"\n\t\t\t\t\t\t\t\tdata-frame_999=\"o:0;st:w;\"\n\t\t\t\t\t\t\t\tstyle=\"z-index:7;\"\n\t\t\t\t\t\t\t><img decoding=\"async\" src=\"\/\/biohope.com.ar\/wp-content\/plugins\/revslider\/public\/assets\/assets\/dummy.png\" class=\"tp-rs-img rs-lazyload\" width=\"2000\" height=\"938\" data-lazyload=\"\/\/biohope.com.ar\/wp-content\/uploads\/2025\/05\/careers.jpg\" data-no-retina> \n\t\t\t\t\t\t\t<\/rs-layer><!--\n\n\t\t\t\t\t\t\t--><rs-layer\n\t\t\t\t\t\t\t\tid=\"slider-15-slide-28-layer-7\" \n\t\t\t\t\t\t\t\tdata-type=\"text\"\n\t\t\t\t\t\t\t\tdata-color=\"#3d83af\"\n\t\t\t\t\t\t\t\tdata-tsh=\"c:#ffffff;b:0,0,16px,9px;\"\n\t\t\t\t\t\t\t\tdata-rsp_ch=\"on\"\n\t\t\t\t\t\t\t\tdata-xy=\"xo:-50px,38px,51px,34px;yo:324px,292px,466px,394px;\"\n\t\t\t\t\t\t\t\tdata-text=\"w:normal;s:70,63,60,65;l:66,60,58,62;ls:-1,0,0,0;fw:600;a:left,left,left,center;\"\n\t\t\t\t\t\t\t\tdata-dim=\"w:638.984px,587px,669px,412px;minh:0,none,none,none;\"\n\t\t\t\t\t\t\t\tdata-frame_999=\"o:0;st:w;\"\n\t\t\t\t\t\t\t\tstyle=\"z-index:9;font-family:'Quicksand';\"\n\t\t\t\t\t\t\t>\n\t\t\t\t\t\t\t\t<div class=\"rs-untoggled-content\">Un gran impacto comienza con grandes personas <\/div>\n\t\t\t\t\t\t\t\t<div class=\"rs-toggled-content\"><\/div>\n\t\t\t\t\t\t\t<\/rs-layer><!--\n-->\t\t\t\t\t\t<\/rs-slide>\n\t\t\t\t\t<\/rs-slides>\n\t\t\t\t\t<rs-static-layers><!--\n\t\t\t\t\t--><\/rs-static-layers>\n\t\t\t\t<\/rs-module>\n\t\t\t\t<script type=\"text\/javascript\">\n\t\t\t\t\tsetREVStartSize({c: 'rev_slider_15_1',rl:[1240,1024,778,480],el:[670,670,668,600],gw:[1124,1024,778,480],gh:[670,670,668,600],type:'standard',justify:'',layout:'fullwidth',mh:\"0\"});if (window.RS_MODULES!==undefined && window.RS_MODULES.modules!==undefined && window.RS_MODULES.modules[\"revslider151\"]!==undefined) {window.RS_MODULES.modules[\"revslider151\"].once = false;window.revapi15 = undefined;if (window.RS_MODULES.checkMinimal!==undefined) window.RS_MODULES.checkMinimal()}\n\t\t\t\t<\/script>\n\t\t\t<\/rs-module-wrap>\n\t\t\t<!-- END REVOLUTION SLIDER -->\n<\/div>\n\n\t\t\t\t<\/div>\n\t\t\t\t<\/div>\n\t\t            <\/div>\n        <\/div>\n                            <\/div>\n        <\/section>\n                <section class=\"elementor-section elementor-top-section elementor-element elementor-element-620e15f elementor-section-height-min-height elementor-section-stretched elementor-section-content-space-between elementor-section-boxed elementor-section-height-default elementor-section-items-middle\" data-id=\"620e15f\" data-element_type=\"section\" data-settings=\"{&quot;stretch_section&quot;:&quot;section-stretched&quot;,&quot;background_background&quot;:&quot;gradient&quot;}\">\n                            <div class=\"elementor-background-overlay\"><\/div>\n                \n                        <div class=\"elementor-container elementor-column-gap-wider\">\n                    <div class=\"elementor-column elementor-col-50 elementor-top-column elementor-element elementor-element-6813fc1\" data-id=\"6813fc1\" data-element_type=\"column\">\n            <div class=\"elementor-widget-wrap elementor-element-populated\">\n                        \t\t<div class=\"elementor-element elementor-element-0a913e0 elementor-widget__width-initial elementor-widget elementor-widget-cms_fancy_box\" data-id=\"0a913e0\" data-element_type=\"widget\" data-widget_type=\"cms_fancy_box.default\">\n\t\t\t\t<div class=\"elementor-widget-container\">\n\t\t\t<div class=\"cms-fancy-box layout1\">\r\n            <div class=\"item-icon elementor-animation-grow\">\r\n            <svg xmlns=\"http:\/\/www.w3.org\/2000\/svg\" id=\"Capa_2\" data-name=\"Capa 2\" viewbox=\"0 0 243.1 356.95\"><g id=\"Capa_1-2\" data-name=\"Capa 1\"><path d=\"M99.16,262.06c12.81-1.73,46.36-1.53,57.62,3.87,12.04,5.77,22.56,19.3,24.36,32.64,1.19,8.81,1.36,32.98.31,41.8-.54,4.55-10.51,6.91-14.84,8.16-33.35,9.58-71.37,5.73-103.76-5.67.12-21.6-4.96-46.37,9.57-64.52,5.87-7.33,17.3-14.99,26.73-16.27Z\" fill=\"none\" stroke=\"#1484b2\" stroke-miterlimit=\"10\" stroke-width=\"6\"><\/path><circle cx=\"122.26\" cy=\"224.84\" r=\"35.13\" fill=\"none\" stroke=\"#1484b2\" stroke-miterlimit=\"10\" stroke-width=\"6\"><\/circle><g><path d=\"M213.09,229.61c10.12,4.56,19.25,14.45,23.18,24.82,3.98,10.5,4.51,38.46,3.19,49.92-.53,4.6-10.63,6.91-14.84,8.16-11.23,3.34-23.47,5.22-35.21,5.29\" fill=\"none\" stroke=\"#1484b2\" stroke-miterlimit=\"10\" stroke-width=\"6\"><\/path><path d=\"M144.37,187.25c-.33-2.51,1.74-9.55,2.84-12.14,4.57-10.83,16.31-19.52,27.94-21.05,17.07-2.24,36.83,10.66,39.16,28.32,3.33,25.23-15.09,44.19-40.31,41.31\" fill=\"none\" stroke=\"#1484b2\" stroke-miterlimit=\"10\" stroke-width=\"6\"><\/path><\/g><g><path d=\"M30.01,229.61c-10.12,4.56-19.25,14.45-23.18,24.82-3.98,10.5-4.51,38.46-3.19,49.92.53,4.6,10.63,6.91,14.84,8.16,11.23,3.34,23.47,5.22,35.21,5.29\" fill=\"none\" stroke=\"#1484b2\" stroke-miterlimit=\"10\" stroke-width=\"6\"><\/path><path d=\"M98.73,187.25c.33-2.51-1.74-9.55-2.84-12.14-4.57-10.83-16.31-19.52-27.94-21.05-17.07-2.24-36.83,10.66-39.16,28.32-3.33,25.23,15.09,44.19,40.31,41.31\" fill=\"none\" stroke=\"#1484b2\" stroke-miterlimit=\"10\" stroke-width=\"6\"><\/path><\/g><path d=\"M39.87,88.75c-.61-.31-.92-1.22-.61-2.14.31-.91,1.22-1.22,1.84-.91l20.79,9.17c.92.31,1.22,1.22.92,1.83-.31.92-1.22,1.22-2.14.92l-20.79-8.87ZM174.08,71.63c.61.31,1.22,1.22.92,1.84-.31.92-1.22,1.53-1.83,1.22l-32.41-9.78c-.61-.3-1.22-1.22-.91-2.14.31-.61,1.22-1.22,1.83-.92l32.4,9.78ZM108.05,44.41c.61.61.91,1.53.31,2.14-.61.93-1.53.93-2.14.32l-21.7-16.51c-.61-.61-.92-1.53-.31-2.14.61-.61,1.53-.92,2.14-.31l21.71,16.5Z\" fill=\"#1484b2\" stroke=\"#1484b2\" stroke-miterlimit=\"10\" stroke-width=\"2\"><\/path><path d=\"M151.46,25.77c.61-.61,1.53-.61,2.14,0,.61.61.61,1.53,0,2.14l-16.2,16.81c-.61.61-1.54.61-2.15,0-.61-.61-.61-1.53,0-2.14l16.21-16.81Z\" fill=\"#1484b2\" stroke=\"#1484b2\" stroke-miterlimit=\"10\" stroke-width=\"2\"><\/path><path d=\"M108.66,71.02c.61-.61,1.53-.61,2.14,0,.61.61.61,1.83,0,2.44l-21.09,19.26c-.61.61-1.53.31-2.14-.31-.61-.61-.31-1.53.31-2.14l20.79-19.25Z\" fill=\"#1484b2\" stroke=\"#1484b2\" stroke-miterlimit=\"10\" stroke-width=\"2\"><\/path><path d=\"M76.56,84.47c4.89,0,9.48,2.14,12.84,5.5,3.37,3.37,5.51,7.95,5.51,12.84s-2.14,9.48-5.51,12.85c-3.36,3.36-7.94,5.5-12.84,5.5s-9.48-2.14-12.84-5.5c-3.36-3.37-5.5-7.95-5.5-12.85s2.14-9.47,5.5-12.84c3.36-3.36,7.95-5.5,12.84-5.5M87.26,92.1c-2.75-2.75-6.42-4.27-10.7-4.27s-7.94,1.53-10.7,4.27c-2.75,2.76-4.27,6.42-4.27,10.7s1.53,7.95,4.27,10.7c2.76,2.76,6.42,4.29,10.7,4.29s7.95-1.53,10.7-4.29c2.75-2.75,4.29-6.41,4.29-10.7s-1.54-7.94-4.29-10.7\" fill=\"#1484b2\" stroke=\"#1484b2\" stroke-miterlimit=\"10\" stroke-width=\"2\"><\/path><path d=\"M122.72,36.47c5.81,0,11,2.44,14.99,6.11,3.67,3.97,6.11,9.17,6.11,14.98s-2.44,11-6.11,14.99c-3.98,3.67-9.17,6.11-14.99,6.11s-11-2.44-14.98-6.11v-.31c-3.97-3.68-6.12-8.87-6.12-14.68s2.45-11.01,6.12-14.98c3.97-3.67,9.17-6.11,14.98-6.11M135.25,44.72c-3.05-3.05-7.63-5.19-12.53-5.19s-9.48,2.14-12.84,5.19c-3.05,3.37-5.19,7.95-5.19,12.84s2.14,9.48,5.19,12.54v.31c3.36,3.05,7.95,5.19,12.84,5.19s9.48-2.14,12.53-5.19c3.37-3.37,5.51-7.95,5.51-12.85s-2.14-9.47-5.51-12.84\" fill=\"#1484b2\" stroke=\"#1484b2\" stroke-miterlimit=\"10\" stroke-width=\"2\"><\/path><path d=\"M199.15,52.67c7.64,0,14.67,3.36,19.87,8.26,5.2,5.19,8.25,12.23,8.25,20.18s-3.05,14.68-8.25,19.86c-5.2,5.2-12.23,8.26-19.87,8.26s-14.98-3.05-20.18-8.26c-5.19-5.19-8.25-12.22-8.25-19.86s3.36-14.99,8.25-20.18c5.2-4.9,12.23-8.26,20.18-8.26M216.89,63.07c-4.59-4.27-11-7.34-17.73-7.34s-13.45,3.07-18.04,7.34c-4.27,4.58-7.33,11-7.33,18.04s2.75,13.15,7.33,17.73c4.59,4.58,11.01,7.34,18.04,7.34s13.14-2.76,17.73-7.34c4.58-4.58,7.33-11,7.33-17.73s-2.75-13.46-7.33-18.04\" fill=\"#1484b2\" stroke=\"#1484b2\" stroke-miterlimit=\"10\" stroke-width=\"2\"><\/path><path d=\"M159.41,8.65c3.05,0,6.11,1.22,7.94,3.05l.31.3c1.83,1.84,3.07,4.9,3.07,7.95s-1.24,5.81-3.37,7.95c-2.14,2.14-4.89,3.36-7.94,3.36s-5.81-1.53-7.95-3.36c-2.14-2.14-3.36-4.9-3.36-7.95,0-3.36,1.22-6.11,3.36-8.26,2.14-1.84,4.89-3.05,7.95-3.05M165.22,14.16c-1.53-1.53-3.67-2.45-5.8-2.45s-4.29.93-5.81,2.45c-1.53,1.22-2.44,3.36-2.44,5.8,0,2.14.91,4.29,2.44,5.81,1.53,1.22,3.66,2.44,5.81,2.44s4.28-.91,5.8-2.44c1.53-1.53,2.44-3.68,2.44-5.81,0-2.44-.91-4.27-2.44-5.8\" fill=\"#1484b2\" stroke=\"#1484b2\" stroke-miterlimit=\"10\" stroke-width=\"2\"><\/path><path d=\"M71.97,1c5.19,0,9.78,1.84,13.15,5.2,3.05,3.36,5.19,7.95,5.19,12.84,0,5.2-2.14,9.47-5.19,12.84l-.31.31c-3.05,3.05-7.65,5.2-12.84,5.2-4.89,0-9.48-2.15-12.84-5.51-3.07-3.36-5.2-7.63-5.2-12.84,0-4.89,2.14-9.48,5.2-12.84,3.36-3.36,7.94-5.2,12.84-5.2M82.68,8.34c-2.44-2.75-6.42-4.27-10.7-4.27-3.97,0-7.95,1.53-10.39,4.27-2.75,2.75-4.58,6.42-4.58,10.7s1.84,7.95,4.58,10.7c2.44,2.75,6.42,4.58,10.39,4.58,4.28,0,7.95-1.83,10.7-4.58,2.75-2.75,4.58-6.42,4.58-10.7s-1.83-7.95-4.58-10.7\" fill=\"#1484b2\" stroke=\"#1484b2\" stroke-miterlimit=\"10\" stroke-width=\"2\"><\/path><path d=\"M30.09,69.8c3.68,0,7.04,1.53,9.17,3.67,2.44,2.44,3.97,5.8,3.97,9.17,0,3.67-1.53,6.72-3.97,9.16-2.14,2.45-5.5,3.68-9.17,3.68-3.36,0-6.72-1.22-9.17-3.68-2.14-2.45-3.67-5.5-3.67-9.16,0-3.37,1.53-6.73,3.67-9.17,2.46-2.14,5.81-3.67,9.17-3.67M37.12,75.6c-1.83-1.53-4.29-2.75-7.04-2.75s-5.19,1.22-6.72,2.75c-1.84,1.83-3.07,4.28-3.07,7.04s1.22,5.19,3.07,7.02c1.53,1.84,3.97,2.75,6.72,2.75s5.2-.91,7.04-2.75c1.83-1.83,2.75-4.27,2.75-7.02s-.92-5.2-2.75-7.04\" fill=\"#1484b2\" stroke=\"#1484b2\" stroke-miterlimit=\"10\" stroke-width=\"2\"><\/path><\/g><\/svg>                    <\/div>\r\n        <div class=\"item-content\">\r\n        <h3 class=\"item-title\">\r\n            Trabajar en Biohope        <\/h3>\r\n                    <div class=\"item-description\">\r\n                En Biohope, valoramos a las personas que combinan talento con prop\u00f3sito. Fomentamos una cultura de colaboraci\u00f3n, agilidad e impacto, donde cada rol contribuye a ampliar el acceso a la innovaci\u00f3n en el sector salud.            <\/div>\r\n                <\/div>\r\n<\/div>\t\t<\/div>\n\t\t\t\t<\/div>\n\t\t            <\/div>\n        <\/div>\n                <div class=\"elementor-column elementor-col-50 elementor-top-column elementor-element elementor-element-b176b1a\" data-id=\"b176b1a\" data-element_type=\"column\">\n            <div class=\"elementor-widget-wrap elementor-element-populated\">\n                        \t\t<div class=\"elementor-element elementor-element-b325ca1 elementor-widget__width-initial elementor-widget elementor-widget-cms_fancy_box\" data-id=\"b325ca1\" data-element_type=\"widget\" data-widget_type=\"cms_fancy_box.default\">\n\t\t\t\t<div class=\"elementor-widget-container\">\n\t\t\t<div class=\"cms-fancy-box layout1\">\r\n            <div class=\"item-icon elementor-animation-grow\">\r\n            <svg xmlns=\"http:\/\/www.w3.org\/2000\/svg\" id=\"Capa_2\" data-name=\"Capa 2\" viewbox=\"0 0 127.28 110.65\"><g id=\"Capa_1-2\" data-name=\"Capa 1\"><path d=\"M50.5,1.83c.41.57.45,3.06.72,3.99,1.73.05,1.83-1.9,3.31-2.87,4.15-2.71,12.52-1.21,16.43,1.69,1.17.87,4.83,4.26,2.66,5.64-.55.35-3.71-.77-4.15.55-.88,2.68,4.1,1.37,4.93,3.4.84,2.05-1.84,2.94-1.38,5.14,1.33.39,2.87-.45,3.97-.42.96.02,1.51,1.29,2.7.47s.65-3.98,3.08-4.19c.44-.04,4.5,1.25,4.96,1.52,1.1.65,1.5,2.53,2.35,2.91,1.71.79,6.57-2.72,6.41,2.38-.09,2.98-1.56,1.72-3.59,2.17-.95.21-1.84,1.41-2.79.81-.66-.42-1.21-2.32-2.72-3.2-2.94-1.71-7.6-.58-9.9,1.74-2.98,3-.35,6.53-.3,10.25.02,1.51-1.19,5.65-1.06,5.92.54,1.13,2.39.7,3.42,1.71s1.43,3.76,2.41,5.25c3.18,4.81,4.38.89,7.88.95,1.43.03,2.17.98,3.06,1.1.98.13,2.04-.62,2.75-.44,1.59.42.75,4.07.99,5.53,1.07,6.62.84,11.9-.81,18.71-.56,2.32-4.32,10.73-2.12,12.22,2.77,1.87,9.66-6.76,11.14-8.79-6.13,18-25.75,31.5-44.51,33C10.84,112.93-17.93,54.87,15.25,18.19c-1.52,4.61-4.25,9.15-4.12,14.14,1.89.44,1.26-1.93,2.08-2.93.51-.61,1.69-.93,2.04-.61.24.23-.78,4.87-.53,6.73,1.21,9.12,12.91,10,14.83,14.04,1.6,3.35-1.76,5.05-2.38,7.95-1.16,5.5,2.83,4.22,4.14,7.38.62,1.51.24,2.79.57,4.14,1.05,4.26,7.42,4.35,7.56,11.36.14,7.22-.61,6.82,1.6,14.26.54,1.83-.07,5.7,2.92,6.54,2.48.7,4.19-4.22,4.76-6.23.41-1.45-.13-3.17.52-4.74.33-.79,1.5-.99,2.11-2.05.76-1.34.85-3.31,1.72-4.78,1.92-3.25,7.96-6.09,9.09-9.78.45-1.45.06-2.94.4-4.32.77-3.15,3.72-9.2-.75-11.32-.47-.22-6.52-2.47-6.89-2.55-1.68-.34-5.5.61-5.48-1.58.01-1.27,1.64-1.9.55-3.47-1.02-1.48-2.65-1.35-3.65-2.13-2.29-1.8-1.45-3.41-6.04-3.61-5.07-.22-7.11.28-11.93,1.09-4.52.76-2.43-.19-3.37-2.83-.8-2.25-3.21-3.16-1.5-6.45-1.11-.96-4.87,2.9-4.16-3.27.24-2.05,3.68-5.05,4.5-7.38,2.01-.31,6.53,5.59,7.32,4.75-2.72-7.52,6.07-12.26,12.1-14.14-2.55-5.27,1.51-4.59,4.99-2.36.85-3.07-3.6-8.13-6.47-6.79-1.93.9-3.16,6.38-6.5,4.74-1.12-.55-2.35-3.36-1.52-4.48,1-1.34,10.67-2.9,12.72-2.32.62-1.16-1.78-2.58-.59-3.26.46-.26,4.09-.84,4.6-.14Z\" fill=\"none\" stroke=\"#1484b2\" stroke-miterlimit=\"10\" stroke-width=\"2\"><\/path><path d=\"M108.52,58.98c-1.95,28.67-26.64,51.2-56.14,49.6-27.26-1.48-49.25-23.81-50.34-51.09C.83,27.1,25.2,1.99,55.33,1.99c16.94,0,32.04,7.94,41.81,20.29v-2.28c0-.24.05-.47.12-.7C86.39,6.67,69.94-1.04,51.76.11,23.81,1.88,1.37,24.72.07,52.69c-1.48,31.7,23.88,57.96,55.26,57.96,29.24,0,53.24-22.81,55.17-51.57.03-.4-.29-.73-.69-.73h-.62c-.36,0-.65.28-.67.64Z\" fill=\"#1484b2\"><\/path><path d=\"M114.63,53.38h-9.95c-1.14,0-2.06-.92-2.06-2.06v-8.45s-.03-.07-.07-.07h-8.45c-1.14,0-2.06-.92-2.06-2.06v-9.95c0-1.14.92-2.06,2.06-2.06h8.45s.07-.03.07-.07v-8.45c0-1.14.92-2.06,2.06-2.06h9.95c1.14,0,2.06.92,2.06,2.06v8.45s.03.07.07.07h8.45c1.14,0,2.06.92,2.06,2.06v9.95c0,1.14-.92,2.06-2.06,2.06h-8.45s-.07.03-.07.07v8.45c0,1.14-.92,2.06-2.06,2.06ZM94.1,30.71s-.07.03-.07.07v9.95s.03.07.07.07h8.45c1.14,0,2.06.92,2.06,2.06v8.45s.03.07.07.07h9.95s.07-.03.07-.07v-8.45c0-1.14.92-2.06,2.06-2.06h8.45s.07-.03.07-.07v-9.95s-.03-.07-.07-.07h-8.45c-1.14,0-2.06-.92-2.06-2.06v-8.45s-.03-.07-.07-.07h-9.95s-.07.03-.07.07v8.45c0,1.14-.92,2.06-2.06,2.06h-8.45Z\" fill=\"#3d83af\"><\/path><\/g><\/svg>                    <\/div>\r\n        <div class=\"item-content\">\r\n        <h3 class=\"item-title\">\r\n            Nuestro papel en el mundo        <\/h3>\r\n                    <div class=\"item-description\">\r\n                Nos guiamos por la confianza, la \u00e9tica y una visi\u00f3n a largo plazo. Por eso buscamos personas que se preocupen profundamente por su trabajo y que quieran ayudar a construir un sistema de salud m\u00e1s equitativo y eficiente a trav\u00e9s de sus aportes.            <\/div>\r\n                <\/div>\r\n<\/div>\t\t<\/div>\n\t\t\t\t<\/div>\n\t\t            <\/div>\n        <\/div>\n                            <\/div>\n        <\/section>\n                <section class=\"elementor-section elementor-top-section elementor-element elementor-element-9db1208 elementor-section-full_width elementor-section-content-middle elementor-section-stretched elementor-hidden-desktop elementor-section-height-default elementor-section-height-default\" data-id=\"9db1208\" data-element_type=\"section\" data-settings=\"{&quot;stretch_section&quot;:&quot;section-stretched&quot;}\">\n            \n                        <div class=\"elementor-container elementor-column-gap-no\">\n                    <div class=\"elementor-column elementor-col-100 elementor-top-column elementor-element elementor-element-e5507e7 elementor-hidden-desktop\" data-id=\"e5507e7\" data-element_type=\"column\">\n            <div class=\"elementor-widget-wrap\">\n                                    <\/div>\n        <\/div>\n                            <\/div>\n        <\/section>\n                <section class=\"elementor-section elementor-top-section elementor-element elementor-element-36cef9f elementor-section-stretched elementor-section-boxed elementor-section-height-default elementor-section-height-default\" data-id=\"36cef9f\" data-element_type=\"section\" data-settings=\"{&quot;stretch_section&quot;:&quot;section-stretched&quot;}\">\n                            <div class=\"elementor-background-overlay\"><\/div>\n                \n                        <div class=\"elementor-container elementor-column-gap-default\">\n                    <div class=\"elementor-column elementor-col-100 elementor-top-column elementor-element elementor-element-71791e3\" data-id=\"71791e3\" data-element_type=\"column\">\n            <div class=\"elementor-widget-wrap elementor-element-populated\">\n                        \t\t<div class=\"elementor-element elementor-element-0d45109 elementor-widget__width-initial elementor-widget elementor-widget-cms_heading\" data-id=\"0d45109\" data-element_type=\"widget\" data-widget_type=\"cms_heading.default\">\n\t\t\t\t<div class=\"elementor-widget-container\">\n\t\t\t<div class=\"cms-heading-wrapper cms-heading-layout1\">\r\n    \r\n            <h2 class=\"custom-heading\">\r\n            <span >\u00bfListo para construir algo significativo?\n\n\n<\/span>\r\n        <\/h2>\r\n        \r\n    <\/div>\t\t<\/div>\n\t\t\t\t<\/div>\n\t\t\t\t<div class=\"elementor-element elementor-element-50fb022 elementor-widget__width-initial elementor-widget elementor-widget-cms_button\" data-id=\"50fb022\" data-element_type=\"widget\" data-widget_type=\"cms_button.default\">\n\t\t\t\t<div class=\"elementor-widget-container\">\n\t\t\t<div class=\"cms-button-wrapper cms-button layout1\">\r\n    <a href=\"mailto: hr@biohope.com.ar\" target=\"_blank\" rel=\"nofollow\" class=\"btn btn-secondary\">\r\n                            <span class=\"cms-button-icon cms-align-icon-\">\r\n                            <\/span>\r\n                <span class=\"cms-button-text\">Env\u00edenos su CV<\/span>\r\n    <\/a>\r\n<\/div>\t\t<\/div>\n\t\t\t\t<\/div>\n\t\t            <\/div>\n        <\/div>\n                            <\/div>\n        <\/section>\n        \t\t\t\t\t<\/div>","protected":false},"excerpt":{"rendered":"<p>Working at Biohope At Biohope, we value people who combine talent with purpose. We foster a culture of collaboration, agility and impact, where every role contributes to expanding access to innovation in healthcare. Our role in the world We are guided by trust, ethics and long-term vision. That\u2019s why we look for people who care [&hellip;]<\/p>","protected":false},"author":1,"featured_media":0,"parent":0,"menu_order":0,"comment_status":"closed","ping_status":"closed","template":"","meta":{"footnotes":""},"class_list":["post-15862","page","type-page","status-publish","hentry"],"_links":{"self":[{"href":"https:\/\/biohope.com.ar\/es\/wp-json\/wp\/v2\/pages\/15862","targetHints":{"allow":["GET"]}}],"collection":[{"href":"https:\/\/biohope.com.ar\/es\/wp-json\/wp\/v2\/pages"}],"about":[{"href":"https:\/\/biohope.com.ar\/es\/wp-json\/wp\/v2\/types\/page"}],"author":[{"embeddable":true,"href":"https:\/\/biohope.com.ar\/es\/wp-json\/wp\/v2\/users\/1"}],"replies":[{"embeddable":true,"href":"https:\/\/biohope.com.ar\/es\/wp-json\/wp\/v2\/comments?post=15862"}],"version-history":[{"count":77,"href":"https:\/\/biohope.com.ar\/es\/wp-json\/wp\/v2\/pages\/15862\/revisions"}],"predecessor-version":[{"id":16244,"href":"https:\/\/biohope.com.ar\/es\/wp-json\/wp\/v2\/pages\/15862\/revisions\/16244"}],"wp:attachment":[{"href":"https:\/\/biohope.com.ar\/es\/wp-json\/wp\/v2\/media?parent=15862"}],"curies":[{"name":"wp","href":"https:\/\/api.w.org\/{rel}","templated":true}]}}